{"id":1004,"date":"2025-10-23T09:02:33","date_gmt":"2025-10-23T09:02:33","guid":{"rendered":"https:\/\/alvum.se\/privatlivspolitik\/"},"modified":"2025-11-10T10:22:07","modified_gmt":"2025-11-10T10:22:07","slug":"privatlivspolitik","status":"publish","type":"page","link":"https:\/\/alvum.se\/da\/privatlivspolitik\/","title":{"rendered":"Privatlivspolitik"},"content":{"rendered":"\t\t<div data-elementor-type=\"wp-page\" data-elementor-id=\"1004\" class=\"elementor elementor-1004 elementor-415\" data-elementor-post-type=\"page\">\n\t\t\t\t<div class=\"elementor-element elementor-element-76c29aad e-flex e-con-boxed e-con e-parent\" data-id=\"76c29aad\" data-element_type=\"container\" data-e-type=\"container\">\n\t\t\t\t\t<div class=\"e-con-inner\">\n\t\t\t\t<div class=\"elementor-element elementor-element-ba9d211 elementor-widget elementor-widget-heading\" data-id=\"ba9d211\" data-element_type=\"widget\" data-e-type=\"widget\" data-widget_type=\"heading.default\">\n\t\t\t\t\t<h1 class=\"elementor-heading-title elementor-size-default\">PRIVATLIVSPOLITIK<\/h1>\t\t\t\t<\/div>\n\t\t\t\t<div class=\"elementor-element elementor-element-5261305 elementor-widget elementor-widget-text-editor\" data-id=\"5261305\" data-element_type=\"widget\" data-e-type=\"widget\" data-widget_type=\"text-editor.default\">\n\t\t\t\t\t\t\t\t\t<p>Denne hjemmeside drives af Calmino group AB. For at forenkle og sikre, at alle oplysninger om, hvordan vi behandler persondata, er samlet \u00e9t sted, henviser vi til vores f\u00e6lles privatlivspolitik:<\/p><p><strong><a href=\"https:\/\/calmino.com\/privacy-policy\/\" target=\"_blank\" rel=\"noopener\">L\u00e6s vores privatlivspolitik her<\/a><\/strong><\/p><p>Politikken g\u00e6lder for alle hjemmesider og tjenester, der tilh\u00f8rer Calmino group AB, inklusive denne.<\/p>\t\t\t\t\t\t\t\t<\/div>\n\t\t\t\t\t<\/div>\n\t\t\t\t<\/div>\n\t\t\t\t<\/div>\n\t\t","protected":false},"excerpt":{"rendered":"<p>PRIVATLIVSPOLITIK Denne hjemmeside drives af Calmino group AB. For at forenkle og sikre, at alle oplysninger om, hvordan vi behandler persondata, er samlet \u00e9t sted, henviser vi til vores f\u00e6lles privatlivspolitik: L\u00e6s vores privatlivspolitik her Politikken g\u00e6lder for alle hjemmesider og tjenester, der tilh\u00f8rer Calmino group AB, inklusive denne.<\/p>\n","protected":false},"author":2,"featured_media":0,"parent":0,"menu_order":0,"comment_status":"closed","ping_status":"closed","template":"","meta":{"_acf_changed":false,"footnotes":""},"class_list":["post-1004","page","type-page","status-publish","hentry"],"acf":[],"yoast_head":"<!-- This site is optimized with the Yoast SEO plugin v27.5 - https:\/\/yoast.com\/product\/yoast-seo-wordpress\/ -->\n<title>Privatlivspolitik - Alvum Medical<\/title>\n<meta name=\"robots\" content=\"index, follow, max-snippet:-1, max-image-preview:large, max-video-preview:-1\" \/>\n<link rel=\"canonical\" href=\"https:\/\/alvum.se\/da\/privatlivspolitik\/\" \/>\n<meta property=\"og:locale\" content=\"da_DK\" \/>\n<meta property=\"og:type\" content=\"article\" \/>\n<meta property=\"og:title\" content=\"Privatlivspolitik - Alvum Medical\" \/>\n<meta property=\"og:description\" content=\"PRIVATLIVSPOLITIK Denne hjemmeside drives af Calmino group AB. For at forenkle og sikre, at alle oplysninger om, hvordan vi behandler persondata, er samlet \u00e9t sted, henviser vi til vores f\u00e6lles privatlivspolitik: L\u00e6s vores privatlivspolitik her Politikken g\u00e6lder for alle hjemmesider og tjenester, der tilh\u00f8rer Calmino group AB, inklusive denne.\" \/>\n<meta property=\"og:url\" content=\"https:\/\/alvum.se\/da\/privatlivspolitik\/\" \/>\n<meta property=\"og:site_name\" content=\"Alvum Medical\" \/>\n<meta property=\"article:modified_time\" content=\"2025-11-10T10:22:07+00:00\" \/>\n<meta name=\"twitter:card\" content=\"summary_large_image\" \/>\n<script type=\"application\/ld+json\" class=\"yoast-schema-graph\">{\"@context\":\"https:\\\/\\\/schema.org\",\"@graph\":[{\"@type\":\"WebPage\",\"@id\":\"https:\\\/\\\/alvum.se\\\/da\\\/privatlivspolitik\\\/\",\"url\":\"https:\\\/\\\/alvum.se\\\/da\\\/privatlivspolitik\\\/\",\"name\":\"Privatlivspolitik - Alvum Medical\",\"isPartOf\":{\"@id\":\"https:\\\/\\\/alvum.se\\\/da\\\/#website\"},\"datePublished\":\"2025-10-23T09:02:33+00:00\",\"dateModified\":\"2025-11-10T10:22:07+00:00\",\"breadcrumb\":{\"@id\":\"https:\\\/\\\/alvum.se\\\/da\\\/privatlivspolitik\\\/#breadcrumb\"},\"inLanguage\":\"da-DK\",\"potentialAction\":[{\"@type\":\"ReadAction\",\"target\":[\"https:\\\/\\\/alvum.se\\\/da\\\/privatlivspolitik\\\/\"]}]},{\"@type\":\"BreadcrumbList\",\"@id\":\"https:\\\/\\\/alvum.se\\\/da\\\/privatlivspolitik\\\/#breadcrumb\",\"itemListElement\":[{\"@type\":\"ListItem\",\"position\":1,\"name\":\"Hem\",\"item\":\"https:\\\/\\\/alvum.se\\\/da\\\/alvum-medical\\\/\"},{\"@type\":\"ListItem\",\"position\":2,\"name\":\"Privatlivspolitik\"}]},{\"@type\":\"WebSite\",\"@id\":\"https:\\\/\\\/alvum.se\\\/da\\\/#website\",\"url\":\"https:\\\/\\\/alvum.se\\\/da\\\/\",\"name\":\"Alvum Medical\",\"description\":\"Alvum Medical Webpage\",\"publisher\":{\"@id\":\"https:\\\/\\\/alvum.se\\\/da\\\/#organization\"},\"potentialAction\":[{\"@type\":\"SearchAction\",\"target\":{\"@type\":\"EntryPoint\",\"urlTemplate\":\"https:\\\/\\\/alvum.se\\\/da\\\/?s={search_term_string}\"},\"query-input\":{\"@type\":\"PropertyValueSpecification\",\"valueRequired\":true,\"valueName\":\"search_term_string\"}}],\"inLanguage\":\"da-DK\"},{\"@type\":\"Organization\",\"@id\":\"https:\\\/\\\/alvum.se\\\/da\\\/#organization\",\"name\":\"Alvum Medical\",\"url\":\"https:\\\/\\\/alvum.se\\\/da\\\/\",\"logo\":{\"@type\":\"ImageObject\",\"inLanguage\":\"da-DK\",\"@id\":\"https:\\\/\\\/alvum.se\\\/da\\\/#\\\/schema\\\/logo\\\/image\\\/\",\"url\":\"https:\\\/\\\/alvum.se\\\/wp-content\\\/uploads\\\/2025\\\/10\\\/Webbplatslogga-Alvum-TP.png\",\"contentUrl\":\"https:\\\/\\\/alvum.se\\\/wp-content\\\/uploads\\\/2025\\\/10\\\/Webbplatslogga-Alvum-TP.png\",\"width\":350,\"height\":100,\"caption\":\"Alvum Medical\"},\"image\":{\"@id\":\"https:\\\/\\\/alvum.se\\\/da\\\/#\\\/schema\\\/logo\\\/image\\\/\"}}]}<\/script>\n<!-- \/ Yoast SEO plugin. -->","yoast_head_json":{"title":"Privatlivspolitik - Alvum Medical","robots":{"index":"index","follow":"follow","max-snippet":"max-snippet:-1","max-image-preview":"max-image-preview:large","max-video-preview":"max-video-preview:-1"},"canonical":"https:\/\/alvum.se\/da\/privatlivspolitik\/","og_locale":"da_DK","og_type":"article","og_title":"Privatlivspolitik - Alvum Medical","og_description":"PRIVATLIVSPOLITIK Denne hjemmeside drives af Calmino group AB. For at forenkle og sikre, at alle oplysninger om, hvordan vi behandler persondata, er samlet \u00e9t sted, henviser vi til vores f\u00e6lles privatlivspolitik: L\u00e6s vores privatlivspolitik her Politikken g\u00e6lder for alle hjemmesider og tjenester, der tilh\u00f8rer Calmino group AB, inklusive denne.","og_url":"https:\/\/alvum.se\/da\/privatlivspolitik\/","og_site_name":"Alvum Medical","article_modified_time":"2025-11-10T10:22:07+00:00","twitter_card":"summary_large_image","schema":{"@context":"https:\/\/schema.org","@graph":[{"@type":"WebPage","@id":"https:\/\/alvum.se\/da\/privatlivspolitik\/","url":"https:\/\/alvum.se\/da\/privatlivspolitik\/","name":"Privatlivspolitik - Alvum Medical","isPartOf":{"@id":"https:\/\/alvum.se\/da\/#website"},"datePublished":"2025-10-23T09:02:33+00:00","dateModified":"2025-11-10T10:22:07+00:00","breadcrumb":{"@id":"https:\/\/alvum.se\/da\/privatlivspolitik\/#breadcrumb"},"inLanguage":"da-DK","potentialAction":[{"@type":"ReadAction","target":["https:\/\/alvum.se\/da\/privatlivspolitik\/"]}]},{"@type":"BreadcrumbList","@id":"https:\/\/alvum.se\/da\/privatlivspolitik\/#breadcrumb","itemListElement":[{"@type":"ListItem","position":1,"name":"Hem","item":"https:\/\/alvum.se\/da\/alvum-medical\/"},{"@type":"ListItem","position":2,"name":"Privatlivspolitik"}]},{"@type":"WebSite","@id":"https:\/\/alvum.se\/da\/#website","url":"https:\/\/alvum.se\/da\/","name":"Alvum Medical","description":"Alvum Medical Webpage","publisher":{"@id":"https:\/\/alvum.se\/da\/#organization"},"potentialAction":[{"@type":"SearchAction","target":{"@type":"EntryPoint","urlTemplate":"https:\/\/alvum.se\/da\/?s={search_term_string}"},"query-input":{"@type":"PropertyValueSpecification","valueRequired":true,"valueName":"search_term_string"}}],"inLanguage":"da-DK"},{"@type":"Organization","@id":"https:\/\/alvum.se\/da\/#organization","name":"Alvum Medical","url":"https:\/\/alvum.se\/da\/","logo":{"@type":"ImageObject","inLanguage":"da-DK","@id":"https:\/\/alvum.se\/da\/#\/schema\/logo\/image\/","url":"https:\/\/alvum.se\/wp-content\/uploads\/2025\/10\/Webbplatslogga-Alvum-TP.png","contentUrl":"https:\/\/alvum.se\/wp-content\/uploads\/2025\/10\/Webbplatslogga-Alvum-TP.png","width":350,"height":100,"caption":"Alvum Medical"},"image":{"@id":"https:\/\/alvum.se\/da\/#\/schema\/logo\/image\/"}}]}},"_links":{"self":[{"href":"https:\/\/alvum.se\/da\/wp-json\/wp\/v2\/pages\/1004","targetHints":{"allow":["GET"]}}],"collection":[{"href":"https:\/\/alvum.se\/da\/wp-json\/wp\/v2\/pages"}],"about":[{"href":"https:\/\/alvum.se\/da\/wp-json\/wp\/v2\/types\/page"}],"author":[{"embeddable":true,"href":"https:\/\/alvum.se\/da\/wp-json\/wp\/v2\/users\/2"}],"replies":[{"embeddable":true,"href":"https:\/\/alvum.se\/da\/wp-json\/wp\/v2\/comments?post=1004"}],"version-history":[{"count":1,"href":"https:\/\/alvum.se\/da\/wp-json\/wp\/v2\/pages\/1004\/revisions"}],"predecessor-version":[{"id":1005,"href":"https:\/\/alvum.se\/da\/wp-json\/wp\/v2\/pages\/1004\/revisions\/1005"}],"wp:attachment":[{"href":"https:\/\/alvum.se\/da\/wp-json\/wp\/v2\/media?parent=1004"}],"curies":[{"name":"wp","href":"https:\/\/api.w.org\/{rel}","templated":true}]}}