{"id":1006,"date":"2025-10-17T12:02:15","date_gmt":"2025-10-17T12:02:15","guid":{"rendered":"https:\/\/alvum.se\/handelsbetingelser\/"},"modified":"2025-11-10T10:22:17","modified_gmt":"2025-11-10T10:22:17","slug":"handelsbetingelser","status":"publish","type":"page","link":"https:\/\/alvum.se\/da\/handelsbetingelser\/","title":{"rendered":"Handelsbetingelser"},"content":{"rendered":"\t\t<div data-elementor-type=\"wp-page\" data-elementor-id=\"1006\" class=\"elementor elementor-1006 elementor-20\" data-elementor-post-type=\"page\">\n\t\t\t\t<div class=\"elementor-element elementor-element-76c29aad e-flex e-con-boxed e-con e-parent\" data-id=\"76c29aad\" data-element_type=\"container\" data-e-type=\"container\">\n\t\t\t\t\t<div class=\"e-con-inner\">\n\t\t\t\t<div class=\"elementor-element elementor-element-ba9d211 elementor-widget elementor-widget-heading\" data-id=\"ba9d211\" data-element_type=\"widget\" data-e-type=\"widget\" data-widget_type=\"heading.default\">\n\t\t\t\t\t<h1 class=\"elementor-heading-title elementor-size-default\">Handelsbetingelser<\/h1>\t\t\t\t<\/div>\n\t\t\t\t<div class=\"elementor-element elementor-element-5261305 elementor-widget elementor-widget-text-editor\" data-id=\"5261305\" data-element_type=\"widget\" data-e-type=\"widget\" data-widget_type=\"text-editor.default\">\n\t\t\t\t\t\t\t\t\t<p><strong>Kundeservice:<\/strong><\/p>\n<p>E-mail: info@alvum.se<br>Telefon: 031-407250<br>Adresse: Sahlgrenska Science Park, Medicinaregatan 8A, 413 46 G\u00f6teborg<\/p>\n<p><strong>Handelsbetingelser for E-Butikken alvum.se<\/strong><br>alvum.se er en svensk hjemmeside, som ejes og drives af Alvum Medical, en bifirma til Calmino group AB (org.nr 556638-9820, med adresse Sahlgrenska Science Park, 413 46 G\u00f6teborg) (herefter kaldet \u201dalvum.se\u201d, \u201dos\u201d eller \u201dvi\u201d) og tilbyder helseprodukter til salg direkte til slutkonsumenten.<\/p>\n<p>Ved at afgive en ordre p\u00e5 alvum.se indg\u00e5r du en k\u00f8bsaftale med os. I forbindelse med at du afgiver din bestilling, skal du godkende vores handelsbetingelser, hvilket indeb\u00e6rer, at din bestilling er bindende. Handelsbetingelserne omfatter valgmulighederne ved k\u00f8b samt dine rettigheder som kunde. Salg p\u00e5 <span style=\"letter-spacing: 0.1px;\">alvum<\/span>.se sker kun til privatpersoner i Sverige. For at handle p\u00e5    &nbsp;<span style=\"letter-spacing: 0.1px;\">alvum<\/span>.se skal du v\u00e6re fyldt 18 \u00e5r. Virksomheder, der \u00f8nsker at handle mod faktura, henvises til <a href=\"mailto:info@alltomibs.se\">info@<span style=\"color: #363636; letter-spacing: 0.1px;\">alvum<\/span>.se<\/a> for at tegne en separat aftale. Vi tager forbehold for udsolgte varer og forbeholder os retten til l\u00f8bende at foretage produkt\u00e6ndringer og forbedringer. Endvidere tager vi ogs\u00e5 forbehold for eventuelle leveringsforsinkelser, prisjusteringer, tekniske fejl og trykfejl.   <\/p>\n<p>Vi forbeholder os altid retten til at overdrage, overf\u00f8re eller pants\u00e6tte alle tjenester, ansvar eller krav knyttet til betalinger og andre tjenester til tredjepart.<\/p>\n<p><strong>Betaling<\/strong><\/p>\n<p>P\u00e5&nbsp;<span style=\"letter-spacing: 0.1px;\">alvum<\/span>.se vises alle priser i SEK (svenske kroner) inklusive moms. Omkostninger til fragt og eventuelle betalingsgebyrer till\u00e6gges. Ved returnering refunderes fragt- og betalingsgebyrer ikke.  <\/p>\n<p>Betaling sker via <span style=\"letter-spacing: 0.1px;\">alvum<\/span>.se og Klarna.<\/p>\n<p>Betaling, der sker via Klarna. Ved at angive oplysninger i kassen godkender du Klarnas vilk\u00e5r. De fuldst\u00e6ndige vilk\u00e5r finder du hos Klarna: https:\/\/www.klarna.com\/se\/villkor\/  &nbsp;<\/p>\n<p>Sammen med Klarna Bank AB (publ), Sveav\u00e4gen 46, 111 34 Stockholm, Sweden, tilbyder vi f\u00f8lgende betalingsalternativer, hvor betalingen foretages direkte til Klarna:<\/p>\n<p><strong>Betal direkte: <\/strong>Automatisk tr\u00e6kning fra din bank<\/p>\n<p>Konto: baseres p\u00e5 automatisk betaling og din konto debiteres ca. to bankdage efter k\u00f8bet er gennemf\u00f8rt, eller varen er afsendt. Vilk\u00e5rene for brug af automatisk betaling findes hos Klarna. <\/p>\n<p><strong>Bankoverf\u00f8rsel:<\/strong> Din konto debiteres umiddelbart efter, at bestillingen er afgivet. Du finder mere information om Klarna p\u00e5 deres hjemmeside. <\/p>\n<p><strong>Betaling med kort: <\/strong>Du, der har et bank- eller kreditkort tilknyttet Visa eller Mastercard, kan betale via dit betalingskort. Kortbetalinger h\u00e5ndteres af Klarna for at garantere en hurtig og sikker betaling. N\u00e5r du v\u00e6lger denne betalingsmetode, reserveres bel\u00f8bet p\u00e5 dit betalingskort ved din bestilling, og bel\u00f8bet tr\u00e6kkes f\u00f8rst fra din konto, n\u00e5r varerne sendes til dig. Ved eventuel returnering tilbagebetales pengene til den konto, der er knyttet til det kort, du brugte ved betalingen.   <\/p>\n<p><strong>Betaling via Swish:<\/strong> Du, der er tilsluttet Swish, kan gennemf\u00f8re betaling, der tr\u00e6kkes direkte fra din bankkonto. \u00c5bn Swish-appen p\u00e5 din mobile enhed og godkend betalingen via dit mobile Bank-ID for at fuldf\u00f8re k\u00f8bet. Ved eventuel returnering tilbagebetales pengene til din bankkonto alternativt til dit bank- eller kreditkort eller kontant.  <\/p>\n<p><strong>Konto: <\/strong>Klarna Konto er en kontokredit, som stilles til r\u00e5dighed af Klarna, og som giver kredittageren mulighed for at delbetale sine k\u00f8b m\u00e5nedligt med mindst 1\/24 (minimum 50 SEK) af det samlede udnyttede kreditbel\u00f8b eller i overensstemmelse med de i kassen godkendte vilk\u00e5r. For mere information om Klarna Konto inklusive almindelige vilk\u00e5r og Standardiseret Europ\u00e6isk forbrugerkreditinformation finder du gennem Klarna direkte. <\/p>\n<p><strong>Betal inden for 14 dage:<\/strong> Betalingstid er 14 dage fra afsendelsen af varerne. Vilk\u00e5rene for betaling inden for 14 dage finder du <\/p>\n<p><strong>Ordrebekr\u00e6ftelse<\/strong><\/p>\n<p>Efter gennemf\u00f8rt k\u00f8b modtager du en ordrebekr\u00e6ftelse p\u00e5 hele dit k\u00f8b.<\/p>\n<p><strong>Levering<\/strong><\/p>\n<p>Normal leveringstid er 2\u20134 arbejdsdage fra det tidspunkt, hvor bestillingen er bekr\u00e6ftet, medmindre andet er angivet.<\/p>\n<p>Levering sker med en af vores leveringspartnere s\u00e5som DHL og PostNord. Bestillingen leveres direkte til din postkasse i de tilf\u00e6lde, hvor forsendelsens m\u00e5l og v\u00e6gt g\u00f8r dette muligt. Varerne leveres ellers til dit n\u00e6rmeste udleveringssted.<\/p>\n<p>N\u00e5r bestillingen er leveret til dit udleveringssted, f\u00e5r du en advisering via sms til det mobilnummer, du angav, da du gennemf\u00f8rte dit k\u00f8b. P\u00e5mindelse sker via sms. Ved afhentning skal en talkode opgives, som angives i sms-adviseringen, samt legitimation vises. Skal varen hentes via et bud, skal b\u00e5de budets og bestillerens legitimation fremvises. Forsendelsen skal afhentes senest 14 dage efter, at den f\u00f8rste advisering er foretaget. Derefter sendes forsendelsen tilbage fra udleveringsstedet, og du som kunde debiteres et gebyr p\u00e5 149 kr.<\/p>\n<p><span style=\"letter-spacing: 0.1px;\">alvum<\/span>.se forbeholder sig retten til at \u00e6ndre leveringsm\u00e5de, hvis det skulle vise sig, at den valgte leveringsm\u00e5de ikke er mulig for den aktuelle bestilling. Givetvis debiteres intet ekstra for dette.<\/p>\n<p><strong>Personoplysninger<\/strong><\/p>\n<p>For at vi kan tilbyde dig betalingsl\u00f8sning via Klarna, er vi n\u00f8dt til at dele visse af dine personoplysninger med Klarna, s\u00e5som kontakt- og ordreinformation, for at Klarna kan vurdere, om du kan tilbydes deres betalingsmetoder og for at skr\u00e6ddersy betalingsm\u00e5derne til dig. Mere information om Klarna kan du finde p\u00e5 deres hjemmeside. Anvendelsen af disse oplysninger reguleres i overensstemmelse med g\u00e6ldende databeskyttelseslovgivning og Klarnas databeskyttelsespolitik. Vi anbefaler dig ogs\u00e5 at l\u00e6se vores privatlivspolitik.<\/p>\n<p>Anvendelsen af disse oplysninger reguleres i overensstemmelse med g\u00e6ldende databeskyttelseslovgivning og Klarnas sekretesspolicy.<\/p>\n<p><strong>Sen eller skadet levering<\/strong><\/p>\n<p>I de tilf\u00e6lde, hvor du ikke har modtaget din bestilling, eller hvis bestillingen ser ud til at v\u00e6re blevet beskadiget under transporten, bedes du kontakte kundeservice via info@<span style=\"letter-spacing: 0.1px;\">alvum<\/span>.se. Det er vigtigt for os, at du bliver tilfreds med din bestilling, derfor vil vi gerne have, at du straks giver os besked, hvis du mener, at noget er g\u00e5et galt i h\u00e5ndteringen af din bestilling.<\/p>\n<p><strong>Force Majeure<\/strong><\/p>\n<p>H\u00e6ndelser s\u00e5som krig, naturkatastrofe, stridsforanstaltninger p\u00e5 arbejdsmarkedet, myndighedsbeslutninger, udeblevne leverancer fra underleverand\u00f8rer, fordyrende omst\u00e6ndigheder samt tilsvarende h\u00e6ndelser uden for vores kontrol, som ikke med rimelighed kunne forudses, skal henf\u00f8res til force majeure. Dette indeb\u00e6rer, at alltomibs.se befries fra sine forpligtelser til at opfylde indg\u00e5ede aftaler.<\/p>\n<p><strong>Fortrydelsesret<\/strong><\/p>\n<p>Du har altid ret til at fortryde dit k\u00f8b p\u00e5 alvum.se inden for 14 dage.<\/p>\n<p>Denne fortrydelsesret g\u00e6lder i overensstemmelse med Distansavtalslagen og indeb\u00e6rer, at du som forbruger har ret til at tr\u00e6de tilbage fra dit k\u00f8b inden for 14 dage fra den dag, du har modtaget varen, uden at angive nogen \u00e5rsag. Hvis du vil ud\u00f8ve din fortrydelsesret, skal du meddele os dette via e-mail til info@alvum.se<br>inden fortrydelsesfristen udl\u00f8ber.<\/p>\n<p>Varen eller varerne skal v\u00e6re ubrugte og i ny stand. Du har ret til at unders\u00f8ge varen forsigtigt. Hvis varen eller varerne er blevet h\u00e5ndteret uforsigtigt, kan der blive fradrag p\u00e5 tilbagebetalingen.<br>Kunden st\u00e5r selv for fragtomkostningerne ved returnering. Gem altid din leveringsbekr\u00e6ftelse, den g\u00e6lder som kvittering. Alvum.se er ikke ansvarlig for varen i den tid, den sendes tilbage til os fra kunden i anledning af fortrydelsesret eller reklamation. V\u00e6r omhyggelig med, at varerne er godt beskyttet, s\u00e5 de ikke risikerer at g\u00e5 i stykker under transporten. Du som kunde er selv ansvarlig for returnerede varers stand ved ankomst til os.<\/p>\n<p>Tilbagebetaling ved returnering sker med samme betalingsm\u00e5de, som du brugte ved bestillingstidspunktet.<\/p>\n<p><strong>Reklamationer<\/strong><\/p>\n<p>Hver forsendelse unders\u00f8ges, inden den leveres ud til kunden. Skulle varen trods dette alligevel v\u00e6re i stykker eller forkert, n\u00e5r den ankommer, f\u00e5r du reklamere varen. Du henvender dig da til <a href=\"mailto:info@alltomibs.se\">info@<span style=\"color: #363636; letter-spacing: 0.1px;\">alvum<\/span>.se<\/a>. Der f\u00e5r du at vide, om reklamationen godkendes, og hvordan du i s\u00e5 fald skal kunne sende varen tilbage omkostningsfrit. &nbsp;Eventuelle fragt- og betalingsgebyrer tilbagebetales, hvis hele bestillingen reklameres, og reklamationen er godkendt.<\/p>\n<p><strong>Forkerte varer<\/strong><\/p>\n<p>Hvis de varer, du har k\u00f8bt hos os, er forkerte, anvendes g\u00e6ldende forbrugerlovgivning. Hvis du ikke er tilfreds med de varer, du har k\u00f8bt hos os, skal du informere os p\u00e5 info@<span style=\"letter-spacing: 0.1px;\">alvum<\/span>.se.<\/p>\n<p>Vores samlede ansvar over for dig for skader eller tab, du lider som f\u00f8lge af en ordre, du har afgivet p\u00e5 <span style=\"letter-spacing: 0.1px;\">alvum<\/span>.se, er begr\u00e6nset til det samlede bel\u00f8b for din ordre, s\u00e5fremt andre love regulerer dette ansvar.<\/p>\n<p>Senest opdateret: 251104<\/p>\t\t\t\t\t\t\t\t<\/div>\n\t\t\t\t\t<\/div>\n\t\t\t\t<\/div>\n\t\t\t\t<\/div>\n\t\t","protected":false},"excerpt":{"rendered":"<p>Handelsbetingelser Kundeservice: E-mail: info@alvum.seTelefon: 031-407250Adresse: Sahlgrenska Science Park, Medicinaregatan 8A, 413 46 G\u00f6teborg Handelsbetingelser for E-Butikken alvum.sealvum.se er en svensk hjemmeside, som ejes og drives af Alvum Medical, en bifirma til Calmino group AB (org.nr 556638-9820, med adresse Sahlgrenska Science Park, 413 46 G\u00f6teborg) (herefter kaldet \u201dalvum.se\u201d, \u201dos\u201d eller \u201dvi\u201d) og tilbyder helseprodukter til salg [&hellip;]<\/p>\n","protected":false},"author":1,"featured_media":0,"parent":0,"menu_order":0,"comment_status":"closed","ping_status":"closed","template":"","meta":{"_acf_changed":false,"footnotes":""},"class_list":["post-1006","page","type-page","status-publish","hentry"],"acf":[],"yoast_head":"<!-- This site is optimized with the Yoast SEO plugin v27.5 - https:\/\/yoast.com\/product\/yoast-seo-wordpress\/ -->\n<title>Handelsbetingelser - Alvum Medical<\/title>\n<meta name=\"robots\" content=\"index, follow, max-snippet:-1, max-image-preview:large, max-video-preview:-1\" \/>\n<link rel=\"canonical\" href=\"https:\/\/alvum.se\/da\/handelsbetingelser\/\" \/>\n<meta property=\"og:locale\" content=\"da_DK\" \/>\n<meta property=\"og:type\" content=\"article\" \/>\n<meta property=\"og:title\" content=\"Handelsbetingelser - Alvum Medical\" \/>\n<meta property=\"og:description\" content=\"Handelsbetingelser Kundeservice: E-mail: info@alvum.seTelefon: 031-407250Adresse: Sahlgrenska Science Park, Medicinaregatan 8A, 413 46 G\u00f6teborg Handelsbetingelser for E-Butikken alvum.sealvum.se er en svensk hjemmeside, som ejes og drives af Alvum Medical, en bifirma til Calmino group AB (org.nr 556638-9820, med adresse Sahlgrenska Science Park, 413 46 G\u00f6teborg) (herefter kaldet \u201dalvum.se\u201d, \u201dos\u201d eller \u201dvi\u201d) og tilbyder helseprodukter til salg [&hellip;]\" \/>\n<meta property=\"og:url\" content=\"https:\/\/alvum.se\/da\/handelsbetingelser\/\" \/>\n<meta property=\"og:site_name\" content=\"Alvum Medical\" \/>\n<meta property=\"article:modified_time\" content=\"2025-11-10T10:22:17+00:00\" \/>\n<meta name=\"twitter:card\" content=\"summary_large_image\" \/>\n<meta name=\"twitter:label1\" content=\"Estimeret l\u00e6setid\" \/>\n\t<meta name=\"twitter:data1\" content=\"7 minutter\" \/>\n<script type=\"application\/ld+json\" class=\"yoast-schema-graph\">{\"@context\":\"https:\\\/\\\/schema.org\",\"@graph\":[{\"@type\":\"WebPage\",\"@id\":\"https:\\\/\\\/alvum.se\\\/da\\\/handelsbetingelser\\\/\",\"url\":\"https:\\\/\\\/alvum.se\\\/da\\\/handelsbetingelser\\\/\",\"name\":\"Handelsbetingelser - Alvum Medical\",\"isPartOf\":{\"@id\":\"https:\\\/\\\/alvum.se\\\/da\\\/#website\"},\"datePublished\":\"2025-10-17T12:02:15+00:00\",\"dateModified\":\"2025-11-10T10:22:17+00:00\",\"breadcrumb\":{\"@id\":\"https:\\\/\\\/alvum.se\\\/da\\\/handelsbetingelser\\\/#breadcrumb\"},\"inLanguage\":\"da-DK\",\"potentialAction\":[{\"@type\":\"ReadAction\",\"target\":[\"https:\\\/\\\/alvum.se\\\/da\\\/handelsbetingelser\\\/\"]}]},{\"@type\":\"BreadcrumbList\",\"@id\":\"https:\\\/\\\/alvum.se\\\/da\\\/handelsbetingelser\\\/#breadcrumb\",\"itemListElement\":[{\"@type\":\"ListItem\",\"position\":1,\"name\":\"Hem\",\"item\":\"https:\\\/\\\/alvum.se\\\/da\\\/alvum-medical\\\/\"},{\"@type\":\"ListItem\",\"position\":2,\"name\":\"Handelsbetingelser\"}]},{\"@type\":\"WebSite\",\"@id\":\"https:\\\/\\\/alvum.se\\\/da\\\/#website\",\"url\":\"https:\\\/\\\/alvum.se\\\/da\\\/\",\"name\":\"Alvum Medical\",\"description\":\"Alvum Medical Webpage\",\"publisher\":{\"@id\":\"https:\\\/\\\/alvum.se\\\/da\\\/#organization\"},\"potentialAction\":[{\"@type\":\"SearchAction\",\"target\":{\"@type\":\"EntryPoint\",\"urlTemplate\":\"https:\\\/\\\/alvum.se\\\/da\\\/?s={search_term_string}\"},\"query-input\":{\"@type\":\"PropertyValueSpecification\",\"valueRequired\":true,\"valueName\":\"search_term_string\"}}],\"inLanguage\":\"da-DK\"},{\"@type\":\"Organization\",\"@id\":\"https:\\\/\\\/alvum.se\\\/da\\\/#organization\",\"name\":\"Alvum Medical\",\"url\":\"https:\\\/\\\/alvum.se\\\/da\\\/\",\"logo\":{\"@type\":\"ImageObject\",\"inLanguage\":\"da-DK\",\"@id\":\"https:\\\/\\\/alvum.se\\\/da\\\/#\\\/schema\\\/logo\\\/image\\\/\",\"url\":\"https:\\\/\\\/alvum.se\\\/wp-content\\\/uploads\\\/2025\\\/10\\\/Webbplatslogga-Alvum-TP.png\",\"contentUrl\":\"https:\\\/\\\/alvum.se\\\/wp-content\\\/uploads\\\/2025\\\/10\\\/Webbplatslogga-Alvum-TP.png\",\"width\":350,\"height\":100,\"caption\":\"Alvum Medical\"},\"image\":{\"@id\":\"https:\\\/\\\/alvum.se\\\/da\\\/#\\\/schema\\\/logo\\\/image\\\/\"}}]}<\/script>\n<!-- \/ Yoast SEO plugin. -->","yoast_head_json":{"title":"Handelsbetingelser - Alvum Medical","robots":{"index":"index","follow":"follow","max-snippet":"max-snippet:-1","max-image-preview":"max-image-preview:large","max-video-preview":"max-video-preview:-1"},"canonical":"https:\/\/alvum.se\/da\/handelsbetingelser\/","og_locale":"da_DK","og_type":"article","og_title":"Handelsbetingelser - Alvum Medical","og_description":"Handelsbetingelser Kundeservice: E-mail: info@alvum.seTelefon: 031-407250Adresse: Sahlgrenska Science Park, Medicinaregatan 8A, 413 46 G\u00f6teborg Handelsbetingelser for E-Butikken alvum.sealvum.se er en svensk hjemmeside, som ejes og drives af Alvum Medical, en bifirma til Calmino group AB (org.nr 556638-9820, med adresse Sahlgrenska Science Park, 413 46 G\u00f6teborg) (herefter kaldet \u201dalvum.se\u201d, \u201dos\u201d eller \u201dvi\u201d) og tilbyder helseprodukter til salg [&hellip;]","og_url":"https:\/\/alvum.se\/da\/handelsbetingelser\/","og_site_name":"Alvum Medical","article_modified_time":"2025-11-10T10:22:17+00:00","twitter_card":"summary_large_image","twitter_misc":{"Estimeret l\u00e6setid":"7 minutter"},"schema":{"@context":"https:\/\/schema.org","@graph":[{"@type":"WebPage","@id":"https:\/\/alvum.se\/da\/handelsbetingelser\/","url":"https:\/\/alvum.se\/da\/handelsbetingelser\/","name":"Handelsbetingelser - Alvum Medical","isPartOf":{"@id":"https:\/\/alvum.se\/da\/#website"},"datePublished":"2025-10-17T12:02:15+00:00","dateModified":"2025-11-10T10:22:17+00:00","breadcrumb":{"@id":"https:\/\/alvum.se\/da\/handelsbetingelser\/#breadcrumb"},"inLanguage":"da-DK","potentialAction":[{"@type":"ReadAction","target":["https:\/\/alvum.se\/da\/handelsbetingelser\/"]}]},{"@type":"BreadcrumbList","@id":"https:\/\/alvum.se\/da\/handelsbetingelser\/#breadcrumb","itemListElement":[{"@type":"ListItem","position":1,"name":"Hem","item":"https:\/\/alvum.se\/da\/alvum-medical\/"},{"@type":"ListItem","position":2,"name":"Handelsbetingelser"}]},{"@type":"WebSite","@id":"https:\/\/alvum.se\/da\/#website","url":"https:\/\/alvum.se\/da\/","name":"Alvum Medical","description":"Alvum Medical Webpage","publisher":{"@id":"https:\/\/alvum.se\/da\/#organization"},"potentialAction":[{"@type":"SearchAction","target":{"@type":"EntryPoint","urlTemplate":"https:\/\/alvum.se\/da\/?s={search_term_string}"},"query-input":{"@type":"PropertyValueSpecification","valueRequired":true,"valueName":"search_term_string"}}],"inLanguage":"da-DK"},{"@type":"Organization","@id":"https:\/\/alvum.se\/da\/#organization","name":"Alvum Medical","url":"https:\/\/alvum.se\/da\/","logo":{"@type":"ImageObject","inLanguage":"da-DK","@id":"https:\/\/alvum.se\/da\/#\/schema\/logo\/image\/","url":"https:\/\/alvum.se\/wp-content\/uploads\/2025\/10\/Webbplatslogga-Alvum-TP.png","contentUrl":"https:\/\/alvum.se\/wp-content\/uploads\/2025\/10\/Webbplatslogga-Alvum-TP.png","width":350,"height":100,"caption":"Alvum Medical"},"image":{"@id":"https:\/\/alvum.se\/da\/#\/schema\/logo\/image\/"}}]}},"_links":{"self":[{"href":"https:\/\/alvum.se\/da\/wp-json\/wp\/v2\/pages\/1006","targetHints":{"allow":["GET"]}}],"collection":[{"href":"https:\/\/alvum.se\/da\/wp-json\/wp\/v2\/pages"}],"about":[{"href":"https:\/\/alvum.se\/da\/wp-json\/wp\/v2\/types\/page"}],"author":[{"embeddable":true,"href":"https:\/\/alvum.se\/da\/wp-json\/wp\/v2\/users\/1"}],"replies":[{"embeddable":true,"href":"https:\/\/alvum.se\/da\/wp-json\/wp\/v2\/comments?post=1006"}],"version-history":[{"count":1,"href":"https:\/\/alvum.se\/da\/wp-json\/wp\/v2\/pages\/1006\/revisions"}],"predecessor-version":[{"id":1007,"href":"https:\/\/alvum.se\/da\/wp-json\/wp\/v2\/pages\/1006\/revisions\/1007"}],"wp:attachment":[{"href":"https:\/\/alvum.se\/da\/wp-json\/wp\/v2\/media?parent=1006"}],"curies":[{"name":"wp","href":"https:\/\/api.w.org\/{rel}","templated":true}]}}